{"id":34,"date":"2026-02-20T09:51:02","date_gmt":"2026-02-20T09:51:02","guid":{"rendered":"https:\/\/mabvv.de\/?page_id=34"},"modified":"2026-02-20T09:58:31","modified_gmt":"2026-02-20T09:58:31","slug":"impressum","status":"publish","type":"page","link":"https:\/\/mabvv.de\/?page_id=34","title":{"rendered":"Impressum"},"content":{"rendered":"\t\t<div data-elementor-type=\"wp-page\" data-elementor-id=\"34\" class=\"elementor elementor-34\" data-elementor-post-type=\"page\">\n\t\t\t\t<div class=\"elementor-element elementor-element-fdb807e e-flex e-con-boxed e-con e-parent\" data-id=\"fdb807e\" data-element_type=\"container\" data-e-type=\"container\">\n\t\t\t\t\t<div class=\"e-con-inner\">\n\t\t<div class=\"elementor-element elementor-element-be3a519 e-con-full e-flex e-con e-child\" data-id=\"be3a519\" data-element_type=\"container\" data-e-type=\"container\">\n\t\t<div class=\"elementor-element elementor-element-ac4a48c e-con-full e-flex e-con e-child\" data-id=\"ac4a48c\" data-element_type=\"container\" data-e-type=\"container\">\n\t\t\t\t<div class=\"elementor-element elementor-element-7756450 elementor-widget elementor-widget-text-editor\" data-id=\"7756450\" data-element_type=\"widget\" data-e-type=\"widget\" data-widget_type=\"text-editor.default\">\n\t\t\t\t\t\t\t\t\t<h1>IMPRESSUM<\/h1><p><strong>Angaben gem\u00e4\u00df \u00a7 5 TMG<\/strong><\/p><p>MAB Verm\u00f6gensverwaltung GmbH<br \/>Mendelssohnstra\u00dfe 44<br \/>60325 Frankfurt am Main<br \/>Deutschland<\/p><hr \/><h2>Vertreten durch<\/h2><p>Mike Bode<\/p><hr \/><h2>Zust\u00e4ndige Aufsichtsbeh\u00f6rde (\u00a7 34f GewO)<\/h2><p>Erlaubnis nach \u00a7 34f Abs. 1 Gewerbeordnung (GewO) erteilt durch:<\/p><p>Industrie- und Handelskammer Frankfurt am Main<\/p><p>B\u00f6rsenplatz 4<br \/>60313 Frankfurt am Main<\/p><p>Registereintrag im Vermittlerregister:<br \/>Registrierungsnummer: D-F-125-82LL-93<\/p><p>Einsehbar unter:<br \/><a href=\"http:\/\/www.vermittlerregister.info\/\">www.vermittlerregister.info<\/a><\/p><hr \/><h2>Berufsbezeichnung<\/h2><p>Finanzanlagenvermittler mit Erlaubnis nach \u00a7 34f Abs. 1 GewO<\/p><hr \/><h2>Angaben zur Berufshaftpflichtversicherung<\/h2><p>Name und Sitz des Versicherers:<br \/>Allianz AG<br \/>Gutleutstra\u00dfe 163-167<br \/>60327 Frankfurt am Main<\/p><p>Geltungsraum der Versicherung:<br \/>Deutschland<\/p><hr \/><h2>Verbraucherstreitbeilegung<\/h2><p>Die Europ\u00e4ische Kommission stellt eine Plattform zur Online-Streitbeilegung (OS) bereit:<br \/><a href=\"https:\/\/ec.europa.eu\/consumers\/odr\">https:\/\/ec.europa.eu\/consumers\/odr<\/a><\/p><p>Wir sind nicht verpflichtet und nicht bereit, an Streitbeilegungsverfahren vor einer Verbraucherschlichtungsstelle teilzunehmen.<\/p>\t\t\t\t\t\t\t\t<\/div>\n\t\t\t\t<\/div>\n\t\t\t\t<\/div>\n\t\t\t\t\t<\/div>\n\t\t\t\t<\/div>\n\t\t\t\t<\/div>\n\t\t","protected":false},"excerpt":{"rendered":"<p>IMPRESSUM Angaben gem\u00e4\u00df \u00a7 5 TMG MAB Verm\u00f6gensverwaltung GmbHMendelssohnstra\u00dfe 4460325 Frankfurt am MainDeutschland Vertreten durch Mike Bode Zust\u00e4ndige Aufsichtsbeh\u00f6rde (\u00a7 34f GewO) Erlaubnis nach \u00a7 34f Abs. 1 Gewerbeordnung (GewO) erteilt durch: Industrie- und Handelskammer Frankfurt am Main B\u00f6rsenplatz 460313 Frankfurt am Main Registereintrag im Vermittlerregister:Registrierungsnummer: D-F-125-82LL-93 Einsehbar unter:www.vermittlerregister.info Berufsbezeichnung Finanzanlagenvermittler mit Erlaubnis nach \u00a7 [&hellip;]<\/p>\n","protected":false},"author":1,"featured_media":0,"parent":0,"menu_order":0,"comment_status":"closed","ping_status":"closed","template":"","meta":{"footnotes":""},"class_list":["post-34","page","type-page","status-publish","hentry"],"_links":{"self":[{"href":"https:\/\/mabvv.de\/index.php?rest_route=\/wp\/v2\/pages\/34","targetHints":{"allow":["GET"]}}],"collection":[{"href":"https:\/\/mabvv.de\/index.php?rest_route=\/wp\/v2\/pages"}],"about":[{"href":"https:\/\/mabvv.de\/index.php?rest_route=\/wp\/v2\/types\/page"}],"author":[{"embeddable":true,"href":"https:\/\/mabvv.de\/index.php?rest_route=\/wp\/v2\/users\/1"}],"replies":[{"embeddable":true,"href":"https:\/\/mabvv.de\/index.php?rest_route=%2Fwp%2Fv2%2Fcomments&post=34"}],"version-history":[{"count":4,"href":"https:\/\/mabvv.de\/index.php?rest_route=\/wp\/v2\/pages\/34\/revisions"}],"predecessor-version":[{"id":38,"href":"https:\/\/mabvv.de\/index.php?rest_route=\/wp\/v2\/pages\/34\/revisions\/38"}],"wp:attachment":[{"href":"https:\/\/mabvv.de\/index.php?rest_route=%2Fwp%2Fv2%2Fmedia&parent=34"}],"curies":[{"name":"wp","href":"https:\/\/api.w.org\/{rel}","templated":true}]}}